{"id":8,"date":"2023-08-08T11:30:00","date_gmt":"2023-08-08T08:30:00","guid":{"rendered":"https:\/\/www.riviera-cyprus.com\/?page_id=8"},"modified":"2025-12-31T16:08:21","modified_gmt":"2025-12-31T14:08:21","slug":"home","status":"publish","type":"page","link":"https:\/\/www.riviera-cyprus.com\/tr\/","title":{"rendered":"Ana Sayfa"},"content":{"rendered":"<p><span lang=\"EN-US\">At the seaside end of a country lane in North Cyprus, lies the family-run, quiet, rustic, modest, secluded, tranquil and attractive Riviera Beach Bungalows. The hotel is situated by the sea just two miles west of Girne (Kyrenia) in Karao\u011flano\u011flu Village.<br \/>Deniz,  havuz ve bah\u00e7e manzaral\u0131 ferah 52 odam\u0131z bulunmaktad\u0131r. 33000 metrekare ye\u015filler i\u00e7inde bir bah\u00e7e i\u00e7inde yer al\u0131p 350 metre uzunlu\u011fundaki kumlu\/kayal\u0131kl\u0131 k\u0131y\u0131 \u015feridimizde mahremiyetinize \u00f6nem verilen bir tatil keyfi ya\u015fayabilirsiniz.<br \/>L\u00fcks bir tarzdan uzak, sadeli\u011fiyle \u00f6n planda olup size sessiz ve bar\u0131\u015f\u00e7\u0131l bir atmosferin nas\u0131l keyifli bir tatil deneyimi ya\u015fatabilece\u011fini hat\u0131rlatmak i\u00e7in tasarland\u0131.<\/span><\/p>\n\n\n<div class=\"wp-block-button aligncenter\"><a class=\"wp-block-button__link has-very-dark-gray-color has-very-light-gray-background-color has-text-color has-background wp-element-button\" href=\"https:\/\/www.riviera-cyprus.com\/tr\/book-now\/\">Rezervasyon Yap\u0131n<\/a><\/div>\n\n\n\n<div class=\"wp-block-button aligncenter\"><a class=\"wp-block-button__link has-very-dark-gray-color has-very-light-gray-background-color has-text-color has-background wp-element-button\" href=\"https:\/\/www.riviera-cyprus.com\/tr\/rooms\/\">Odalar &amp; Fiyatlar<\/a><\/div>\n\n\n\n<div class=\"wp-block-button aligncenter\"><a class=\"wp-block-button__link has-very-dark-gray-color has-very-light-gray-background-color has-text-color has-background wp-element-button\" href=\"https:\/\/www.riviera-cyprus.com\/tr\/photo-gallery\/\">Foto\u011fraf Galerisi<\/a><\/div>\n\n\n\n<div class=\"wp-block-button aligncenter\"><a class=\"wp-block-button__link has-very-dark-gray-color has-very-light-gray-background-color has-text-color has-background wp-element-button\" href=\"https:\/\/www.riviera-cyprus.com\/tr\/contact-us\/\">Bize Ula\u015f\u0131n<\/a><\/div>\n\n\n\n<div class=\"wp-block-button aligncenter\"><a class=\"wp-block-button__link has-very-dark-gray-color has-very-light-gray-background-color has-text-color has-background wp-element-button\" href=\"http:\/\/instagram.com\/rivierabeachbungalows\" target=\"_blank\" rel=\"noopener noreferrer\">Instagram Sayfam\u0131z<\/a><\/div>\n\n\n\n<div class=\"wp-block-button aligncenter\"><a class=\"wp-block-button__link has-very-dark-gray-color has-very-light-gray-background-color has-text-color has-background wp-element-button\" href=\"http:\/\/facebook.com\/rivierabeachbungalows\" target=\"_blank\" rel=\"noopener noreferrer\">Facebook Sayfam\u0131z<\/a><\/div>\n\n\n\n<div style=\"height:30px\" aria-hidden=\"true\" class=\"wp-block-spacer\"><\/div>\n\n\n\n<figure class=\"wp-block-audio\"><audio controls src=\"https:\/\/www.riviera-cyprus.com\/wp-content\/uploads\/2020\/05\/Soledad-con-la-colaboraci\u00f3n-de-Chucho-Vald\u00e9s_1.mp3\" autoplay loop preload=\"auto\"><\/audio><\/figure>\n\n\n\n<p><\/p>","protected":false},"excerpt":{"rendered":"<p>At the seaside end of a country lane in North Cyprus, lies the family-run, quiet, rustic, modest, secluded, tranquil and attractive Riviera Beach Bungalows. The hotel is situated by the sea just two miles west of Girne (Kyrenia) in Karao\u011flano\u011flu Village.It has 52 bright and airy rooms with sea and pool views. It is set &hellip; <\/p>\n<p class=\"link-more\"><a href=\"https:\/\/www.riviera-cyprus.com\/tr\/\" class=\"more-link\">Okumaya devam et<span class=\"screen-reader-text\"> &#8220;Home&#8221;<\/span><\/a><\/p>","protected":false},"author":1,"featured_media":0,"parent":0,"menu_order":0,"comment_status":"closed","ping_status":"closed","template":"","meta":{"jetpack_post_was_ever_published":false,"footnotes":""},"class_list":["post-8","page","type-page","status-publish","hentry"],"jetpack_sharing_enabled":true,"jetpack_shortlink":"https:\/\/wp.me\/PaULVJ-8","jetpack_likes_enabled":true,"_links":{"self":[{"href":"https:\/\/www.riviera-cyprus.com\/tr\/wp-json\/wp\/v2\/pages\/8"}],"collection":[{"href":"https:\/\/www.riviera-cyprus.com\/tr\/wp-json\/wp\/v2\/pages"}],"about":[{"href":"https:\/\/www.riviera-cyprus.com\/tr\/wp-json\/wp\/v2\/types\/page"}],"author":[{"embeddable":true,"href":"https:\/\/www.riviera-cyprus.com\/tr\/wp-json\/wp\/v2\/users\/1"}],"replies":[{"embeddable":true,"href":"https:\/\/www.riviera-cyprus.com\/tr\/wp-json\/wp\/v2\/comments?post=8"}],"version-history":[{"count":25,"href":"https:\/\/www.riviera-cyprus.com\/tr\/wp-json\/wp\/v2\/pages\/8\/revisions"}],"predecessor-version":[{"id":730,"href":"https:\/\/www.riviera-cyprus.com\/tr\/wp-json\/wp\/v2\/pages\/8\/revisions\/730"}],"wp:attachment":[{"href":"https:\/\/www.riviera-cyprus.com\/tr\/wp-json\/wp\/v2\/media?parent=8"}],"curies":[{"name":"wp","href":"https:\/\/api.w.org\/{rel}","templated":true}]}}