{"id":624,"date":"2024-08-14T23:38:16","date_gmt":"2024-08-14T20:38:16","guid":{"rendered":"https:\/\/www.riviera-cyprus.com\/?page_id=624"},"modified":"2026-05-04T12:21:27","modified_gmt":"2026-05-04T09:21:27","slug":"menu","status":"publish","type":"page","link":"https:\/\/www.riviera-cyprus.com\/tr\/menu\/","title":{"rendered":"Menu"},"content":{"rendered":"<div class=\"wp-block-group\"><div class=\"wp-block-group__inner-container is-layout-constrained wp-block-group-is-layout-constrained\">\n<p><a href=\"https:\/\/www.riviera-cyprus.com\/wp-content\/uploads\/2026\/05\/Menu-English.pdf\">Food &amp; Drinks Menu<\/a> (English)<\/p>\n<\/div><\/div>\n\n\n\n<div class=\"wp-block-group\"><div class=\"wp-block-group__inner-container is-layout-constrained wp-block-group-is-layout-constrained\">\n<div class=\"wp-block-group\"><div class=\"wp-block-group__inner-container is-layout-constrained wp-block-group-is-layout-constrained\">\n<div class=\"wp-block-group\"><div class=\"wp-block-group__inner-container is-layout-constrained wp-block-group-is-layout-constrained\">\n<p><a href=\"https:\/\/www.riviera-cyprus.com\/wp-content\/uploads\/2026\/05\/Menu-Turkce.pdf\">Yiyecek &amp; \u0130\u00e7e\u00e7ek Men\u00fcs\u00fc<\/a> (T\u00fcrk\u00e7e)<\/p>\n<\/div><\/div>\n\n\n\n<p><\/p>\n\n\n\n<p><\/p>\n<\/div><\/div>\n\n\n\n<p><\/p>\n<\/div><\/div>","protected":false},"excerpt":{"rendered":"<p>Food &amp; Drinks Menu (English) Yiyecek &amp; \u0130\u00e7e\u00e7ek Men\u00fcs\u00fc (T\u00fcrk\u00e7e)<\/p>","protected":false},"author":1,"featured_media":0,"parent":0,"menu_order":0,"comment_status":"closed","ping_status":"closed","template":"","meta":{"jetpack_post_was_ever_published":false,"footnotes":""},"class_list":["post-624","page","type-page","status-publish","hentry"],"jetpack_sharing_enabled":true,"jetpack_shortlink":"https:\/\/wp.me\/PaULVJ-a4","jetpack_likes_enabled":true,"_links":{"self":[{"href":"https:\/\/www.riviera-cyprus.com\/tr\/wp-json\/wp\/v2\/pages\/624"}],"collection":[{"href":"https:\/\/www.riviera-cyprus.com\/tr\/wp-json\/wp\/v2\/pages"}],"about":[{"href":"https:\/\/www.riviera-cyprus.com\/tr\/wp-json\/wp\/v2\/types\/page"}],"author":[{"embeddable":true,"href":"https:\/\/www.riviera-cyprus.com\/tr\/wp-json\/wp\/v2\/users\/1"}],"replies":[{"embeddable":true,"href":"https:\/\/www.riviera-cyprus.com\/tr\/wp-json\/wp\/v2\/comments?post=624"}],"version-history":[{"count":30,"href":"https:\/\/www.riviera-cyprus.com\/tr\/wp-json\/wp\/v2\/pages\/624\/revisions"}],"predecessor-version":[{"id":784,"href":"https:\/\/www.riviera-cyprus.com\/tr\/wp-json\/wp\/v2\/pages\/624\/revisions\/784"}],"wp:attachment":[{"href":"https:\/\/www.riviera-cyprus.com\/tr\/wp-json\/wp\/v2\/media?parent=624"}],"curies":[{"name":"wp","href":"https:\/\/api.w.org\/{rel}","templated":true}]}}