{"id":152,"date":"2019-08-30T00:00:50","date_gmt":"2019-08-29T21:00:50","guid":{"rendered":"https:\/\/www.riviera-cyprus.com\/?page_id=152"},"modified":"2024-07-24T10:11:45","modified_gmt":"2024-07-24T07:11:45","slug":"superior-sea-view","status":"publish","type":"page","link":"https:\/\/www.riviera-cyprus.com\/tr\/superior-sea-view\/","title":{"rendered":"Deniz Manzaral\u0131 Otel Odas\u0131"},"content":{"rendered":"<div class=\"wp-block-jetpack-slideshow aligncenter\" data-effect=\"slide\"><div class=\"wp-block-jetpack-slideshow_container swiper-container\"><ul class=\"wp-block-jetpack-slideshow_swiper-wrapper swiper-wrapper\"><li class=\"wp-block-jetpack-slideshow_slide swiper-slide\"><figure><img data-recalc-dims=\"1\" loading=\"lazy\" decoding=\"async\" width=\"525\" height=\"350\" alt=\"\" class=\"wp-block-jetpack-slideshow_image wp-image-118\" data-id=\"118\" src=\"https:\/\/i0.wp.com\/www.riviera-cyprus.com\/wp-content\/uploads\/2019\/08\/DSC0485.jpg?resize=525%2C350&#038;ssl=1\" srcset=\"https:\/\/i0.wp.com\/www.riviera-cyprus.com\/wp-content\/uploads\/2019\/08\/DSC0485.jpg?resize=1024%2C683&amp;ssl=1 1024w, https:\/\/i0.wp.com\/www.riviera-cyprus.com\/wp-content\/uploads\/2019\/08\/DSC0485.jpg?resize=300%2C200&amp;ssl=1 300w, https:\/\/i0.wp.com\/www.riviera-cyprus.com\/wp-content\/uploads\/2019\/08\/DSC0485.jpg?resize=768%2C512&amp;ssl=1 768w, https:\/\/i0.wp.com\/www.riviera-cyprus.com\/wp-content\/uploads\/2019\/08\/DSC0485.jpg?w=1575&amp;ssl=1 1575w\" sizes=\"(max-width: 706px) 89vw, (max-width: 767px) 82vw, 740px\" \/><\/figure><\/li><li class=\"wp-block-jetpack-slideshow_slide swiper-slide\"><figure><img data-recalc-dims=\"1\" loading=\"lazy\" decoding=\"async\" width=\"525\" height=\"350\" alt=\"\" class=\"wp-block-jetpack-slideshow_image wp-image-120\" data-id=\"120\" src=\"https:\/\/i0.wp.com\/www.riviera-cyprus.com\/wp-content\/uploads\/2019\/08\/DSC0488.jpg?resize=525%2C350&#038;ssl=1\" srcset=\"https:\/\/i0.wp.com\/www.riviera-cyprus.com\/wp-content\/uploads\/2019\/08\/DSC0488.jpg?resize=1024%2C683&amp;ssl=1 1024w, https:\/\/i0.wp.com\/www.riviera-cyprus.com\/wp-content\/uploads\/2019\/08\/DSC0488.jpg?resize=300%2C200&amp;ssl=1 300w, https:\/\/i0.wp.com\/www.riviera-cyprus.com\/wp-content\/uploads\/2019\/08\/DSC0488.jpg?resize=768%2C512&amp;ssl=1 768w, https:\/\/i0.wp.com\/www.riviera-cyprus.com\/wp-content\/uploads\/2019\/08\/DSC0488.jpg?w=1575&amp;ssl=1 1575w\" sizes=\"(max-width: 706px) 89vw, (max-width: 767px) 82vw, 740px\" \/><\/figure><\/li><li class=\"wp-block-jetpack-slideshow_slide swiper-slide\"><figure><img data-recalc-dims=\"1\" loading=\"lazy\" decoding=\"async\" width=\"525\" height=\"394\" alt=\"\" class=\"wp-block-jetpack-slideshow_image wp-image-117\" data-id=\"117\" src=\"https:\/\/i0.wp.com\/www.riviera-cyprus.com\/wp-content\/uploads\/2019\/08\/Superior-196-2.jpg?resize=525%2C394&#038;ssl=1\" srcset=\"https:\/\/i0.wp.com\/www.riviera-cyprus.com\/wp-content\/uploads\/2019\/08\/Superior-196-2.jpg?resize=1024%2C768&amp;ssl=1 1024w, https:\/\/i0.wp.com\/www.riviera-cyprus.com\/wp-content\/uploads\/2019\/08\/Superior-196-2.jpg?resize=300%2C225&amp;ssl=1 300w, https:\/\/i0.wp.com\/www.riviera-cyprus.com\/wp-content\/uploads\/2019\/08\/Superior-196-2.jpg?resize=768%2C576&amp;ssl=1 768w, https:\/\/i0.wp.com\/www.riviera-cyprus.com\/wp-content\/uploads\/2019\/08\/Superior-196-2.jpg?w=2048&amp;ssl=1 2048w, https:\/\/i0.wp.com\/www.riviera-cyprus.com\/wp-content\/uploads\/2019\/08\/Superior-196-2.jpg?w=1575&amp;ssl=1 1575w\" sizes=\"(max-width: 706px) 89vw, (max-width: 767px) 82vw, 740px\" \/><\/figure><\/li><li class=\"wp-block-jetpack-slideshow_slide swiper-slide\"><figure><img data-recalc-dims=\"1\" loading=\"lazy\" decoding=\"async\" width=\"525\" height=\"331\" alt=\"\" class=\"wp-block-jetpack-slideshow_image wp-image-192\" data-id=\"192\" src=\"https:\/\/i0.wp.com\/www.riviera-cyprus.com\/wp-content\/uploads\/2019\/08\/20727901_1751043114938093_2839234293583671797_n.jpg?resize=525%2C331&#038;ssl=1\" srcset=\"https:\/\/i0.wp.com\/www.riviera-cyprus.com\/wp-content\/uploads\/2019\/08\/20727901_1751043114938093_2839234293583671797_n.jpg?w=960&amp;ssl=1 960w, https:\/\/i0.wp.com\/www.riviera-cyprus.com\/wp-content\/uploads\/2019\/08\/20727901_1751043114938093_2839234293583671797_n.jpg?resize=300%2C189&amp;ssl=1 300w, https:\/\/i0.wp.com\/www.riviera-cyprus.com\/wp-content\/uploads\/2019\/08\/20727901_1751043114938093_2839234293583671797_n.jpg?resize=768%2C485&amp;ssl=1 768w\" sizes=\"(max-width: 706px) 89vw, (max-width: 767px) 82vw, 740px\" \/><\/figure><\/li><\/ul><a class=\"wp-block-jetpack-slideshow_button-prev swiper-button-prev swiper-button-white\" role=\"button\"><\/a><a class=\"wp-block-jetpack-slideshow_button-next swiper-button-next swiper-button-white\" role=\"button\"><\/a><a aria-label=\"Pause Slideshow\" class=\"wp-block-jetpack-slideshow_button-pause\" role=\"button\"><\/a><div class=\"wp-block-jetpack-slideshow_pagination swiper-pagination swiper-pagination-white\"><\/div><\/div><\/div>\n\n\n\n<ul class=\"wp-block-list\"><li>50 m<sup>2<\/sup><strong>\u2013<\/strong> 3 yeti\u015fkine kadar<\/li><li>1 \u00c7ift ki\u015filik yatak veya 2 Ayr\u0131 yatak+\u00e7ekyat<\/li><li>Minibar<\/li><li>Du\u015f ve Tuvalet<\/li><li>Deniz manzaral\u0131 teras<\/li><li>Televizyon<\/li><li>Sa\u00e7 kurutma makinesi<\/li><li>Elektrikli \u00e7aydanl\u0131k<\/li><li>Klima<\/li><li>Telefon<\/li><\/ul>\n\n\n\n<hr class=\"wp-block-separator has-css-opacity\"\/>\n\n\n\n<h1 class=\"wp-block-heading\"><strong>Deniz Manzaral\u0131 Otel Odas\u0131<\/strong> (G\u00fcnl\u00fck Oda&amp;Kahvalt\u0131)<\/h1>\n\n\n\n<figure class=\"wp-block-table is-style-stripes\"><table><tbody><tr><td><\/td><td>Aral\u0131k<br>Ocak<br>\u015eubat<br>Mart <\/td><td> Nisan<br>May\u0131s<br>Kas\u0131m<\/td><td> Haziran<br>Temmuz<br>A\u011fustos<br>Eyl\u00fcl<br>Ekim <\/td><\/tr><tr><td>  1 Yeti\u015fkin <\/td><td>&#8211;<\/td><td>&#8211;<\/td><td>&#8211;<\/td><\/tr><tr><td>  2 Yeti\u015fkin <\/td><td>\u20ac90<\/td><td>\u20ac100<\/td><td>\u20ac115<\/td><\/tr><tr><td>  3 Yeti\u015fkin <\/td><td>\u20ac126<\/td><td>\u20ac135<\/td><td>\u20ac159<\/td><\/tr><\/tbody><\/table><\/figure>\n\n\n\n<p class=\"has-small-font-size\">* \u00c7ocuk indirimi (yaln\u0131zca odada 2 yeti\u015fkinle beraber ge\u00e7erli): 0-4 ya\u015f: \u00dccretsiz \/ 5-12 ya\u015f: 50% indirim.<\/p>\n\n\n\n<p class=\"has-small-font-size\">* Y\u00fcksek sezon \u00fccretleri Christmas, Yeni y\u0131l ve Paskalya d\u00f6neminde de ge\u00e7erlidir.<\/p>\n\n\n\n<p class=\"has-small-font-size\">* Yerel resmi tatil d\u00f6nemlerinde y\u00fcksek sezon fiyatlar\u0131n\u0131n \u00fczerine % 20 ilave edilir.<\/p>\n\n\n\n<div class=\"wp-block-button aligncenter\"><a class=\"wp-block-button__link\" href=\"\/tr\/riviera-cyprus.com\/book-now\/\">Rezervasyon Yap\u0131n<\/a><\/div>","protected":false},"excerpt":{"rendered":"<p>50 m2\u2013 up to 3 adults A Double Bed or Twin beds + sofa Minibar Shower and WC Terrace with sea view TV Hair dryer Kettle Air conditioner Telephone Rates for Sea View Hotel Room (Daily Bed&amp;Breakfast) DecemberJanuaryFebruaryMarch AprilMayNovember JuneJulyAugustSeptemberOctober 1 Adult &#8211; &#8211; &#8211; 2 Adults \u20ac90 \u20ac100 \u20ac115 3 Adults \u20ac126 \u20ac135 \u20ac159 &hellip; <\/p>\n<p class=\"link-more\"><a href=\"https:\/\/www.riviera-cyprus.com\/tr\/superior-sea-view\/\" class=\"more-link\">Okumaya devam et<span class=\"screen-reader-text\"> &#8220;Sea View Hotel Room&#8221;<\/span><\/a><\/p>","protected":false},"author":1,"featured_media":0,"parent":0,"menu_order":0,"comment_status":"closed","ping_status":"closed","template":"","meta":{"jetpack_post_was_ever_published":false,"footnotes":""},"class_list":["post-152","page","type-page","status-publish","hentry"],"jetpack_sharing_enabled":true,"jetpack_shortlink":"https:\/\/wp.me\/PaULVJ-2s","jetpack_likes_enabled":true,"_links":{"self":[{"href":"https:\/\/www.riviera-cyprus.com\/tr\/wp-json\/wp\/v2\/pages\/152"}],"collection":[{"href":"https:\/\/www.riviera-cyprus.com\/tr\/wp-json\/wp\/v2\/pages"}],"about":[{"href":"https:\/\/www.riviera-cyprus.com\/tr\/wp-json\/wp\/v2\/types\/page"}],"author":[{"embeddable":true,"href":"https:\/\/www.riviera-cyprus.com\/tr\/wp-json\/wp\/v2\/users\/1"}],"replies":[{"embeddable":true,"href":"https:\/\/www.riviera-cyprus.com\/tr\/wp-json\/wp\/v2\/comments?post=152"}],"version-history":[{"count":21,"href":"https:\/\/www.riviera-cyprus.com\/tr\/wp-json\/wp\/v2\/pages\/152\/revisions"}],"predecessor-version":[{"id":657,"href":"https:\/\/www.riviera-cyprus.com\/tr\/wp-json\/wp\/v2\/pages\/152\/revisions\/657"}],"wp:attachment":[{"href":"https:\/\/www.riviera-cyprus.com\/tr\/wp-json\/wp\/v2\/media?parent=152"}],"curies":[{"name":"wp","href":"https:\/\/api.w.org\/{rel}","templated":true}]}}