{"id":150,"date":"2019-08-29T21:00:50","date_gmt":"2019-08-29T21:00:50","guid":{"rendered":"https:\/\/www.riviera-cyprus.com\/?page_id=150"},"modified":"2024-07-29T11:29:32","modified_gmt":"2024-07-29T08:29:32","slug":"pool-side-bungalow","status":"publish","type":"page","link":"https:\/\/www.riviera-cyprus.com\/tr\/pool-side-bungalow\/","title":{"rendered":"Havuz Taraf\u0131 Bungalow"},"content":{"rendered":"<div class=\"wp-block-jetpack-slideshow aligncenter\" data-autoplay=\"true\" data-delay=\"2\" data-effect=\"slide\"><div class=\"wp-block-jetpack-slideshow_container swiper-container\"><ul class=\"wp-block-jetpack-slideshow_swiper-wrapper swiper-wrapper\"><li class=\"wp-block-jetpack-slideshow_slide swiper-slide\"><figure><img data-recalc-dims=\"1\" loading=\"lazy\" decoding=\"async\" width=\"525\" height=\"350\" alt=\"\" class=\"wp-block-jetpack-slideshow_image wp-image-125\" data-id=\"125\" src=\"https:\/\/i0.wp.com\/www.riviera-cyprus.com\/wp-content\/uploads\/2019\/08\/DSC0342br.jpg?resize=525%2C350&#038;ssl=1\" srcset=\"https:\/\/i0.wp.com\/www.riviera-cyprus.com\/wp-content\/uploads\/2019\/08\/DSC0342br.jpg?w=6000&amp;ssl=1 6000w, https:\/\/i0.wp.com\/www.riviera-cyprus.com\/wp-content\/uploads\/2019\/08\/DSC0342br.jpg?resize=300%2C200&amp;ssl=1 300w, https:\/\/i0.wp.com\/www.riviera-cyprus.com\/wp-content\/uploads\/2019\/08\/DSC0342br.jpg?resize=768%2C512&amp;ssl=1 768w, https:\/\/i0.wp.com\/www.riviera-cyprus.com\/wp-content\/uploads\/2019\/08\/DSC0342br.jpg?resize=1024%2C683&amp;ssl=1 1024w, https:\/\/i0.wp.com\/www.riviera-cyprus.com\/wp-content\/uploads\/2019\/08\/DSC0342br.jpg?w=1575&amp;ssl=1 1575w\" sizes=\"(max-width: 706px) 89vw, (max-width: 767px) 82vw, 740px\" \/><\/figure><\/li><li class=\"wp-block-jetpack-slideshow_slide swiper-slide\"><figure><img data-recalc-dims=\"1\" loading=\"lazy\" decoding=\"async\" width=\"525\" height=\"350\" alt=\"\" class=\"wp-block-jetpack-slideshow_image wp-image-128\" data-id=\"128\" src=\"https:\/\/i0.wp.com\/www.riviera-cyprus.com\/wp-content\/uploads\/2019\/08\/DSC0352.jpg?resize=525%2C350&#038;ssl=1\" srcset=\"https:\/\/i0.wp.com\/www.riviera-cyprus.com\/wp-content\/uploads\/2019\/08\/DSC0352.jpg?w=6000&amp;ssl=1 6000w, https:\/\/i0.wp.com\/www.riviera-cyprus.com\/wp-content\/uploads\/2019\/08\/DSC0352.jpg?resize=300%2C200&amp;ssl=1 300w, https:\/\/i0.wp.com\/www.riviera-cyprus.com\/wp-content\/uploads\/2019\/08\/DSC0352.jpg?resize=768%2C512&amp;ssl=1 768w, https:\/\/i0.wp.com\/www.riviera-cyprus.com\/wp-content\/uploads\/2019\/08\/DSC0352.jpg?resize=1024%2C683&amp;ssl=1 1024w, https:\/\/i0.wp.com\/www.riviera-cyprus.com\/wp-content\/uploads\/2019\/08\/DSC0352.jpg?w=1575&amp;ssl=1 1575w\" sizes=\"(max-width: 706px) 89vw, (max-width: 767px) 82vw, 740px\" \/><\/figure><\/li><li class=\"wp-block-jetpack-slideshow_slide swiper-slide\"><figure><img data-recalc-dims=\"1\" loading=\"lazy\" decoding=\"async\" width=\"525\" height=\"350\" alt=\"\" class=\"wp-block-jetpack-slideshow_image wp-image-127\" data-id=\"127\" src=\"https:\/\/i0.wp.com\/www.riviera-cyprus.com\/wp-content\/uploads\/2019\/08\/DSC0360.jpg?resize=525%2C350&#038;ssl=1\" srcset=\"https:\/\/i0.wp.com\/www.riviera-cyprus.com\/wp-content\/uploads\/2019\/08\/DSC0360.jpg?w=6000&amp;ssl=1 6000w, https:\/\/i0.wp.com\/www.riviera-cyprus.com\/wp-content\/uploads\/2019\/08\/DSC0360.jpg?resize=300%2C200&amp;ssl=1 300w, https:\/\/i0.wp.com\/www.riviera-cyprus.com\/wp-content\/uploads\/2019\/08\/DSC0360.jpg?resize=768%2C512&amp;ssl=1 768w, https:\/\/i0.wp.com\/www.riviera-cyprus.com\/wp-content\/uploads\/2019\/08\/DSC0360.jpg?resize=1024%2C683&amp;ssl=1 1024w, https:\/\/i0.wp.com\/www.riviera-cyprus.com\/wp-content\/uploads\/2019\/08\/DSC0360.jpg?w=1575&amp;ssl=1 1575w\" sizes=\"(max-width: 706px) 89vw, (max-width: 767px) 82vw, 740px\" \/><\/figure><\/li><li class=\"wp-block-jetpack-slideshow_slide swiper-slide\"><figure><img data-recalc-dims=\"1\" loading=\"lazy\" decoding=\"async\" width=\"525\" height=\"346\" alt=\"\" class=\"wp-block-jetpack-slideshow_image wp-image-121\" data-id=\"121\" src=\"https:\/\/i0.wp.com\/www.riviera-cyprus.com\/wp-content\/uploads\/2019\/08\/DSC0375.jpg?resize=525%2C346&#038;ssl=1\" srcset=\"https:\/\/i0.wp.com\/www.riviera-cyprus.com\/wp-content\/uploads\/2019\/08\/DSC0375.jpg?w=5995&amp;ssl=1 5995w, https:\/\/i0.wp.com\/www.riviera-cyprus.com\/wp-content\/uploads\/2019\/08\/DSC0375.jpg?resize=300%2C198&amp;ssl=1 300w, https:\/\/i0.wp.com\/www.riviera-cyprus.com\/wp-content\/uploads\/2019\/08\/DSC0375.jpg?resize=768%2C507&amp;ssl=1 768w, https:\/\/i0.wp.com\/www.riviera-cyprus.com\/wp-content\/uploads\/2019\/08\/DSC0375.jpg?resize=1024%2C676&amp;ssl=1 1024w, https:\/\/i0.wp.com\/www.riviera-cyprus.com\/wp-content\/uploads\/2019\/08\/DSC0375.jpg?w=1575&amp;ssl=1 1575w\" sizes=\"(max-width: 706px) 89vw, (max-width: 767px) 82vw, 740px\" \/><\/figure><\/li><li class=\"wp-block-jetpack-slideshow_slide swiper-slide\"><figure><img data-recalc-dims=\"1\" loading=\"lazy\" decoding=\"async\" width=\"525\" height=\"350\" alt=\"\" class=\"wp-block-jetpack-slideshow_image wp-image-130\" data-id=\"130\" src=\"https:\/\/i0.wp.com\/www.riviera-cyprus.com\/wp-content\/uploads\/2019\/08\/DSC0209.jpg?resize=525%2C350&#038;ssl=1\" srcset=\"https:\/\/i0.wp.com\/www.riviera-cyprus.com\/wp-content\/uploads\/2019\/08\/DSC0209.jpg?w=6000&amp;ssl=1 6000w, https:\/\/i0.wp.com\/www.riviera-cyprus.com\/wp-content\/uploads\/2019\/08\/DSC0209.jpg?resize=300%2C200&amp;ssl=1 300w, https:\/\/i0.wp.com\/www.riviera-cyprus.com\/wp-content\/uploads\/2019\/08\/DSC0209.jpg?resize=768%2C512&amp;ssl=1 768w, https:\/\/i0.wp.com\/www.riviera-cyprus.com\/wp-content\/uploads\/2019\/08\/DSC0209.jpg?resize=1024%2C683&amp;ssl=1 1024w, https:\/\/i0.wp.com\/www.riviera-cyprus.com\/wp-content\/uploads\/2019\/08\/DSC0209.jpg?w=1575&amp;ssl=1 1575w\" sizes=\"(max-width: 706px) 89vw, (max-width: 767px) 82vw, 740px\" \/><\/figure><\/li><\/ul><a class=\"wp-block-jetpack-slideshow_button-prev swiper-button-prev swiper-button-white\" role=\"button\"><\/a><a class=\"wp-block-jetpack-slideshow_button-next swiper-button-next swiper-button-white\" role=\"button\"><\/a><a aria-label=\"Pause Slideshow\" class=\"wp-block-jetpack-slideshow_button-pause\" role=\"button\"><\/a><div class=\"wp-block-jetpack-slideshow_pagination swiper-pagination swiper-pagination-white\"><\/div><\/div><\/div>\n\n\n\n<ul class=\"wp-block-list\"><li>2 katl\u0131<\/li><li>42 m<sup>2<\/sup>&nbsp;<strong>\u2013<\/strong>&nbsp;4 yeti\u015fkine kadar<\/li><li>1 \u00c7ift ki\u015filik veya 2 Tek ki\u015filik yatak ve 2 \u00e7ekyat<\/li><li>Minibar<\/li><li>Du\u015f ve Tuvalet<\/li><li>Havuz ve k\u0131smi deniz manzaral\u0131 balkon<\/li><li>Televizyon<\/li><li>Sa\u00e7 kurutma makinesi<\/li><li>Elektrikli \u00e7aydanl\u0131k<\/li><li>Klima<\/li><li>Telefon<\/li><\/ul>\n\n\n\n<hr class=\"wp-block-separator has-css-opacity is-style-default\"\/>\n\n\n\n<h1 class=\"has-text-align-left wp-block-heading\"><strong>Havuz Taraf\u0131 Bungalow <\/strong>(G\u00fcnl\u00fck Oda&amp;Kahvalt\u0131)<\/h1>\n\n\n\n<figure class=\"wp-block-table is-style-stripes\"><table><tbody><tr><td><\/td><td>Aral\u0131k<br>Ocak<br>\u015eubat<br>Mart<\/td><td>Nisan<br>May\u0131s<br>Kas\u0131m<\/td><td>Haziran<br>Temmuz<br>A\u011fustos<br>Eyl\u00fcl<br>Ekim<\/td><\/tr><tr><td> 1 Yeti\u015fkin<\/td><td>&#8211;<\/td><td>&#8211;<\/td><td>&#8211;<\/td><\/tr><tr><td> 2 Yeti\u015fkin<\/td><td>\u20ac80<\/td><td>\u20ac90<\/td><td>\u20ac100<\/td><\/tr><tr><td> 3 Yeti\u015fkin<\/td><td>\u20ac111<\/td><td>\u20ac126<\/td><td>\u20ac138<\/td><\/tr><tr><td> 4 Yeti\u015fkin<\/td><td>\u20ac138<\/td><td>\u20ac156<\/td><td>\u20ac172<\/td><\/tr><\/tbody><\/table><\/figure>\n\n\n\n<p class=\"has-small-font-size\">* \u00c7ocuk indirimi (yaln\u0131zca odada 2 yeti\u015fkinle beraber ge\u00e7erli): 0-4 ya\u015f: \u00dccretsiz \/ 5-12 ya\u015f: 50% indirim.<\/p>\n\n\n\n<p class=\"has-small-font-size\">* Y\u00fcksek sezon \u00fccretleri Christmas, Yeni y\u0131l ve Paskalya d\u00f6neminde de ge\u00e7erlidir.<\/p>\n\n\n\n<p class=\"has-small-font-size\">* Yerel resmi tatil d\u00f6nemlerinde y\u00fcksek sezon fiyatlar\u0131n\u0131n \u00fczerine % 20 ilave edilir.<\/p>\n\n\n\n<div class=\"wp-block-button aligncenter is-style-default\"><a class=\"wp-block-button__link has-very-light-gray-color has-very-dark-gray-background-color has-text-color has-background\" href=\"\/tr\/riviera-cyprus.com\/book-now\/\">Rezervasyon Yap\u0131n<\/a><\/div>","protected":false},"excerpt":{"rendered":"<p>2 floors 42 m2&nbsp;\u2013&nbsp;up to 4 adults A French or Twin beds and 2 sofas Minibar Shower and WC Balcony with pool and partially sea view TV Hair dryer Kettle Air conditioner Telephone Rates for Poolside Bungalow (Daily Bed&amp;Breakfast) DecemberJanuaryFebruaryMarch AprilMayNovember JuneJulyAugustSeptemberOctober 1 Adult &#8211; &#8211; &#8211; 2 Adults \u20ac80 \u20ac90 \u20ac100 3 Adults \u20ac111 &hellip; <\/p>\n<p class=\"link-more\"><a href=\"https:\/\/www.riviera-cyprus.com\/tr\/pool-side-bungalow\/\" class=\"more-link\">Okumaya devam et<span class=\"screen-reader-text\"> &#8220;Poolside Bungalow&#8221;<\/span><\/a><\/p>","protected":false},"author":1,"featured_media":0,"parent":0,"menu_order":0,"comment_status":"closed","ping_status":"closed","template":"","meta":{"jetpack_post_was_ever_published":false,"footnotes":""},"class_list":["post-150","page","type-page","status-publish","hentry"],"jetpack_sharing_enabled":true,"jetpack_shortlink":"https:\/\/wp.me\/PaULVJ-2q","jetpack_likes_enabled":true,"_links":{"self":[{"href":"https:\/\/www.riviera-cyprus.com\/tr\/wp-json\/wp\/v2\/pages\/150"}],"collection":[{"href":"https:\/\/www.riviera-cyprus.com\/tr\/wp-json\/wp\/v2\/pages"}],"about":[{"href":"https:\/\/www.riviera-cyprus.com\/tr\/wp-json\/wp\/v2\/types\/page"}],"author":[{"embeddable":true,"href":"https:\/\/www.riviera-cyprus.com\/tr\/wp-json\/wp\/v2\/users\/1"}],"replies":[{"embeddable":true,"href":"https:\/\/www.riviera-cyprus.com\/tr\/wp-json\/wp\/v2\/comments?post=150"}],"version-history":[{"count":18,"href":"https:\/\/www.riviera-cyprus.com\/tr\/wp-json\/wp\/v2\/pages\/150\/revisions"}],"predecessor-version":[{"id":653,"href":"https:\/\/www.riviera-cyprus.com\/tr\/wp-json\/wp\/v2\/pages\/150\/revisions\/653"}],"wp:attachment":[{"href":"https:\/\/www.riviera-cyprus.com\/tr\/wp-json\/wp\/v2\/media?parent=150"}],"curies":[{"name":"wp","href":"https:\/\/api.w.org\/{rel}","templated":true}]}}