{"id":26,"date":"2019-08-28T20:30:27","date_gmt":"2019-08-28T20:30:27","guid":{"rendered":"https:\/\/www.riviera-cyprus.com\/?page_id=26"},"modified":"2025-12-31T16:11:13","modified_gmt":"2025-12-31T14:11:13","slug":"contact-us","status":"publish","type":"page","link":"http:\/\/www.riviera-cyprus.com\/tr\/contact-us\/","title":{"rendered":"Bize Ula\u015f\u0131n"},"content":{"rendered":"<p class=\"has-medium-font-size\"><strong>Via phone (08:00 &#8211; 23:00):<\/strong><\/p>\n\n\n\n<ul class=\"wp-block-list\">\n<li>+90 (539) 1223525 (Whatsapp)<\/li>\n\n\n\n<li>+90 (392) 8222026<\/li>\n\n\n\n<li>+90 (392) 8222877<\/li>\n\n\n\n<li>+90 (392) 8222878<\/li>\n\n\n\n<li>+90 (392) 8223443<\/li>\n\n\n\n<li>+90 (392) 8223446<\/li>\n\n\n\n<li>+90 (542) 8514111 (Whatsapp)<\/li>\n<\/ul>\n\n\n\n<div style=\"height:20px\" aria-hidden=\"true\" class=\"wp-block-spacer\"><\/div>\n\n\n\n<p class=\"has-medium-font-size\"><strong>E-mail:<\/strong><\/p>\n\n\n\n<ul class=\"wp-block-list\">\n<li>info@rivierahotel-northcyprus.com<\/li>\n<\/ul>\n\n\n\n<div style=\"height:20px\" aria-hidden=\"true\" class=\"wp-block-spacer\"><\/div>\n\n\n\n<p class=\"has-medium-font-size\"><strong>Adresimiz:<\/strong><\/p>\n\n\n\n<ul class=\"wp-block-list\">\n<li>Ne\u015fet \u0130kiz Sokak, Karao\u011flano\u011flu, Girne, Kuzey K\u0131br\u0131s<\/li>\n<\/ul>\n\n\n\n<p>Haritaya ula\u015fmak i\u00e7in <a rel=\"noreferrer noopener\" aria-label=\"here (opens in a new tab)\" href=\"https:\/\/goo.gl\/maps\/4H51UWBGKmuKYxrd9\" target=\"_blank\"><strong>t\u0131klay\u0131n<\/strong><\/a><\/p>\n\n\n\n<p><\/p>","protected":false},"excerpt":{"rendered":"<p>Via phone (08:00 &#8211; 23:00): Via e-mail: Our address: You can visit the map by clicking here<\/p>","protected":false},"author":1,"featured_media":0,"parent":0,"menu_order":0,"comment_status":"closed","ping_status":"closed","template":"","meta":{"jetpack_post_was_ever_published":false,"footnotes":""},"class_list":["post-26","page","type-page","status-publish","hentry"],"jetpack_sharing_enabled":true,"jetpack_shortlink":"https:\/\/wp.me\/PaULVJ-q","jetpack_likes_enabled":true,"_links":{"self":[{"href":"http:\/\/www.riviera-cyprus.com\/tr\/wp-json\/wp\/v2\/pages\/26"}],"collection":[{"href":"http:\/\/www.riviera-cyprus.com\/tr\/wp-json\/wp\/v2\/pages"}],"about":[{"href":"http:\/\/www.riviera-cyprus.com\/tr\/wp-json\/wp\/v2\/types\/page"}],"author":[{"embeddable":true,"href":"http:\/\/www.riviera-cyprus.com\/tr\/wp-json\/wp\/v2\/users\/1"}],"replies":[{"embeddable":true,"href":"http:\/\/www.riviera-cyprus.com\/tr\/wp-json\/wp\/v2\/comments?post=26"}],"version-history":[{"count":17,"href":"http:\/\/www.riviera-cyprus.com\/tr\/wp-json\/wp\/v2\/pages\/26\/revisions"}],"predecessor-version":[{"id":732,"href":"http:\/\/www.riviera-cyprus.com\/tr\/wp-json\/wp\/v2\/pages\/26\/revisions\/732"}],"wp:attachment":[{"href":"http:\/\/www.riviera-cyprus.com\/tr\/wp-json\/wp\/v2\/media?parent=26"}],"curies":[{"name":"wp","href":"https:\/\/api.w.org\/{rel}","templated":true}]}}